{"id":927,"date":"2023-03-29T07:58:19","date_gmt":"2023-03-29T07:58:19","guid":{"rendered":"https:\/\/bracketweb.com\/govitywp\/?page_id=927"},"modified":"2024-02-28T19:44:42","modified_gmt":"2024-02-28T22:44:42","slug":"faqs","status":"publish","type":"page","link":"https:\/\/partidonuevotiempo.cl\/index.php\/faqs\/","title":{"rendered":"Preguntas Frecuentes"},"content":{"rendered":"\t\t<div data-elementor-type=\"wp-page\" data-elementor-id=\"927\" class=\"elementor elementor-927\">\n\t\t\t\t\t\t<section class=\"elementor-section elementor-top-section elementor-element elementor-element-87bb069 elementor-section-full_width elementor-section-height-default elementor-section-height-default\" data-id=\"87bb069\" data-element_type=\"section\">\n\t\t\t\t\t\t<div class=\"elementor-container elementor-column-gap-no\">\n\t\t\t\t\t<div class=\"elementor-column elementor-col-100 elementor-top-column elementor-element elementor-element-530d8f9\" data-id=\"530d8f9\" data-element_type=\"column\">\n\t\t\t<div class=\"elementor-widget-wrap elementor-element-populated\">\n\t\t\t\t\t\t<div class=\"elementor-element elementor-element-c6c215e elementor-widget elementor-widget-govity-search-box\" data-id=\"c6c215e\" data-element_type=\"widget\" data-widget_type=\"govity-search-box.default\">\n\t\t\t\t<div class=\"elementor-widget-container\">\n\t\t\t\r\n    <!--Search Box Start-->\r\n    <section class=\"search-box\">\r\n        <div class=\"container\">\r\n            <div class=\"search-box__inner\">\r\n                <div class=\"search-box__left\">\r\n                    <h3 class=\"search-box__title\">Estamos aqu\u00ed para ayudarte<\/h3>                    <form class=\"search-box__form\" method=\"get\" action=\"https:\/\/partidonuevotiempo.cl\">\r\n                        <div class=\"search-box__form-input\">\r\n                            <input type=\"search\" name=\"s\" placeholder=\"Search here\">\r\n                            <button type=\"submit\"><i class=\"icon-magnifying-glass\"><\/i><\/button>\r\n                        <\/div>\r\n                    <\/form>\r\n\r\n                    <p class=\"search-box__text\">Si no encuentras lo que buscas <span>escr\u00edbenos<\/span> <\/p>                <\/div>\r\n                <div class=\"search-box__right\">\r\n                    <div class=\"search-box__img\">\r\n                        <img decoding=\"async\" src=\"https:\/\/partidonuevotiempo.cl\/wp-content\/uploads\/2023\/03\/blog_7.jpg\" alt=\"blog_7\" title=\"blog_7\" >                    <\/div>\r\n                    <div class=\"search-box__call\">\r\n                        <h3 class=\"search-box__call-title\">\u00bfA\u00fan tienes dudas? <br> contactanos v\u00eda whatsapp<\/h3>                        <div class=\"search-box__call-content\">\r\n                            <div class=\"search-box__call-icon\">\r\n                                <span aria-hidden=\"true\" class=\"  icon-telephone\"><\/span>                            <\/div>\r\n                            <div class=\"search-box__call-number\">\r\n                                <p class=\"\">Escr\u00edbenos en cualquier momento<\/p><h3 class=\"\"><a href=\"tel:+56994721342\">+56 9 9472 1342<\/a><\/h3>                            <\/div>\r\n                        <\/div>\r\n                    <\/div>\r\n                <\/div>\r\n            <\/div>\r\n        <\/div>\r\n    <\/section>\r\n    <!--Search Box End-->\r\n\t\t<\/div>\n\t\t\t\t<\/div>\n\t\t\t\t\t<\/div>\n\t\t<\/div>\n\t\t\t\t\t<\/div>\n\t\t<\/section>\n\t\t\t\t<section class=\"elementor-section elementor-top-section elementor-element elementor-element-87af93b elementor-section-full_width elementor-section-height-default elementor-section-height-default\" data-id=\"87af93b\" data-element_type=\"section\">\n\t\t\t\t\t\t<div class=\"elementor-container elementor-column-gap-no\">\n\t\t\t\t\t<div class=\"elementor-column elementor-col-100 elementor-top-column elementor-element elementor-element-a7b7163\" data-id=\"a7b7163\" data-element_type=\"column\">\n\t\t\t<div class=\"elementor-widget-wrap elementor-element-populated\">\n\t\t\t\t\t\t<div class=\"elementor-element elementor-element-6fab4d4 elementor-widget__width-initial elementor-widget elementor-widget-govity-faq\" data-id=\"6fab4d4\" data-element_type=\"widget\" data-widget_type=\"govity-faq.default\">\n\t\t\t\t<div class=\"elementor-widget-container\">\n\t\t\t\r\n\t<!--FAQ Page Start-->\r\n\t<section class=\"faq-page\">\r\n\t\t<div class=\"container\">\r\n\t\t\t<div class=\"row\">\r\n\t\t\t\t<div class=\"col-xl-3 col-lg-4\">\r\n\t\t\t\t\t<div class=\"faq-page__left\">\r\n\t\t\t\t\t\t<div class=\"faq-page__left-icon-and-text\">\r\n\t\t\t\t\t\t\t<div class=\"faq-page__left-icon\">\r\n\t\t\t\t\t\t\t\t<span aria-hidden=\"true\" class=\"  icon-chat\"><\/span>\t\t\t\t\t\t\t<\/div>\r\n\t\t\t\t\t\t\t<div class=\"faq-page__left-text\">\r\n\t\t\t\t\t\t\t\t<p class=\"\">Preguntas <br> frecuentes<\/p>\t\t\t\t\t\t\t<\/div>\r\n\t\t\t\t\t\t<\/div>\r\n\t\t\t\t\t\t<div class=\"faq-page__text-box-2\">\r\n\t\t\t\t\t\t\t<p class=\"faq-page__left-text-2\">Si no encuentras lo que buscas escr\u00edbenos llenando el formulario de contacto.<\/p>\t\t\t\t\t\t\t<a class=\"faq-page__left-btn thm-btn\" href=\"https:\/\/partidonuevotiempo.cl\/index.php\/contact\/\"  >Contacto<\/a>\t\t\t\t\t\t<\/div>\r\n\t\t\t\t\t<\/div>\r\n\t\t\t\t<\/div>\r\n\t\t\t\t<div class=\"col-xl-9 col-lg-8\">\r\n\t\t\t\t\t<div class=\"faq-page__right\">\r\n\t\t\t\t\t\t<div class=\"faq-one__right\">\r\n\t\t\t\t\t\t\t<div class=\"accrodion-grp faq-one-accrodion\" data-grp-name=\"faq-one-accrodion-69f1fd0822ce0\">\r\n\t\t\t\t\t\t\t\t\t\t\t\t\t\t\t\t\t<div class=\"accrodion \">\r\n\t\t\t\t\t\t\t\t\t\t<div class=\"accrodion-title\">\r\n\t\t\t\t\t\t\t\t\t\t\t<h4 class=\"\">\u00bfQu\u00e9 es un Partido Pol\u00edtico?<\/h4>\t\t\t\t\t\t\t\t\t\t<\/div>\r\n\t\t\t\t\t\t\t\t\t\t<div class=\"accrodion-content\">\r\n\t\t\t\t\t\t\t\t\t\t\t<div class=\"inner\">\r\n\t\t\t\t\t\t\t\t\t\t\t\t<p class=\"\">Los partidos pol\u00edticos son asociaciones aut\u00f3nomas y voluntarias organizadas democr\u00e1ticamente, dotadas de personalidad jur\u00eddica de derecho p\u00fablico, integradas por personas naturales que comparten unos mismos principios ideol\u00f3gicos y pol\u00edticos. (Art. 1, Ley N\u00b018.603)<\/p>\t\t\t\t\t\t\t\t\t\t\t<\/div><!-- \/.inner -->\r\n\t\t\t\t\t\t\t\t\t\t<\/div>\r\n\t\t\t\t\t\t\t\t\t<\/div>\r\n\t\t\t\t\t\t\t\t\t\t\t\t\t\t\t\t\t<div class=\"accrodion active\">\r\n\t\t\t\t\t\t\t\t\t\t<div class=\"accrodion-title\">\r\n\t\t\t\t\t\t\t\t\t\t\t<h4 class=\" \">\u00bfQu\u00e9 funci\u00f3n tiene un Partido Pol\u00edtico? <\/h4>\t\t\t\t\t\t\t\t\t\t<\/div>\r\n\t\t\t\t\t\t\t\t\t\t<div class=\"accrodion-content\">\r\n\t\t\t\t\t\t\t\t\t\t\t<div class=\"inner\">\r\n\t\t\t\t\t\t\t\t\t\t\t\t<p class=\" \">Los Partidos Pol\u00edticos contribuyen al funcionamiento del sistema democr\u00e1tico y ejercen influencia en la conducci\u00f3n del Estado, para alcanzar el bien com\u00fan y servir al inter\u00e9s nacional. (Art. 1, Ley N\u00b018.603)<\/p>\t\t\t\t\t\t\t\t\t\t\t<\/div><!-- \/.inner -->\r\n\t\t\t\t\t\t\t\t\t\t<\/div>\r\n\t\t\t\t\t\t\t\t\t<\/div>\r\n\t\t\t\t\t\t\t\t\t\t\t\t\t\t\t\t\t<div class=\"accrodion \">\r\n\t\t\t\t\t\t\t\t\t\t<div class=\"accrodion-title\">\r\n\t\t\t\t\t\t\t\t\t\t\t<h4 class=\"  \">\u00bfQu\u00e9 actividades son propias de un Partido Pol\u00edtico? <\/h4>\t\t\t\t\t\t\t\t\t\t<\/div>\r\n\t\t\t\t\t\t\t\t\t\t<div class=\"accrodion-content\">\r\n\t\t\t\t\t\t\t\t\t\t\t<div class=\"inner\">\r\n\t\t\t\t\t\t\t\t\t\t\t\t<p class=\"  \">Los Partidos Pol\u00edticos pueden desarrollar actividades destinadas a poner en pr\u00e1ctica sus principios, postulados y programas, para lo cual podr\u00e1n participar en los procesos electorales y plebiscitarios en la forma que determine la ley. (Art. 2, Ley N\u00b018.603)<\/p>\t\t\t\t\t\t\t\t\t\t\t<\/div><!-- \/.inner -->\r\n\t\t\t\t\t\t\t\t\t\t<\/div>\r\n\t\t\t\t\t\t\t\t\t<\/div>\r\n\t\t\t\t\t\t\t\t\t\t\t\t\t\t\t\t\t<div class=\"accrodion \">\r\n\t\t\t\t\t\t\t\t\t\t<div class=\"accrodion-title\">\r\n\t\t\t\t\t\t\t\t\t\t\t<h4 class=\"   \">\u00bfQui\u00e9nes pueden afiliarse a un Partido Pol\u00edtico? <\/h4>\t\t\t\t\t\t\t\t\t\t<\/div>\r\n\t\t\t\t\t\t\t\t\t\t<div class=\"accrodion-content\">\r\n\t\t\t\t\t\t\t\t\t\t\t<div class=\"inner\">\r\n\t\t\t\t\t\t\t\t\t\t\t\t<p class=\"   \">Los ciudadanos con derecho a sufragio (voto) o extranjeros avecindado en Chile por m\u00e1s de cinco a\u00f1os. No podr\u00e1n afiliarse a los partidos el personal de las Fuerzas Armadas, de Carabineros y de la PDI; ni los funcionarios y empleados del Poder Judicial, del Ministerio P\u00fablico, del Tribunal Calificador de Elecciones y del Servicio Electoral. Tampoco podr\u00e1n hacerlo los jueces, secretarios y ministros de fe de los tribunales de justicia; los ministros, relatores, secretarios y fiscales de los tribunales superiores de justicia; los fiscales del Ministerio P\u00fablico, los abogados asistentes de fiscales, el Defensor Nacional y los defensores regionales; el Contralor General de la Rep\u00fablica y los contralores regionales; ni los notarios y conservadores. (Art. 18, Ley N\u00b018.603)<\/p>\t\t\t\t\t\t\t\t\t\t\t<\/div><!-- \/.inner -->\r\n\t\t\t\t\t\t\t\t\t\t<\/div>\r\n\t\t\t\t\t\t\t\t\t<\/div>\r\n\t\t\t\t\t\t\t\t\t\t\t\t\t\t\t\t\t<div class=\"accrodion \">\r\n\t\t\t\t\t\t\t\t\t\t<div class=\"accrodion-title\">\r\n\t\t\t\t\t\t\t\t\t\t\t<h4 class=\"    \">\u00bfPueden menores de edad participar en un Partido Pol\u00edtico? <\/h4>\t\t\t\t\t\t\t\t\t\t<\/div>\r\n\t\t\t\t\t\t\t\t\t\t<div class=\"accrodion-content\">\r\n\t\t\t\t\t\t\t\t\t\t\t<div class=\"inner\">\r\n\t\t\t\t\t\t\t\t\t\t\t\t<p class=\"    \">Los estatutos de los Partidos Pol\u00edticos pueden reconocer como adherentes a menores de 18 y mayores de 14 a\u00f1os de edad, que no hayan sido condenados por delitos que merezcan pena aflictiva. Los partidos deben asegurar mecanismos de participaci\u00f3n e integraci\u00f3n de los j\u00f3venes. (Arts. 18 y 22, Ley N\u00b018.603)<\/p>\t\t\t\t\t\t\t\t\t\t\t<\/div><!-- \/.inner -->\r\n\t\t\t\t\t\t\t\t\t\t<\/div>\r\n\t\t\t\t\t\t\t\t\t<\/div>\r\n\t\t\t\t\t\t\t\t\t\t\t\t\t\t\t\t\t<div class=\"accrodion \">\r\n\t\t\t\t\t\t\t\t\t\t<div class=\"accrodion-title\">\r\n\t\t\t\t\t\t\t\t\t\t\t<h4 class=\"     \">\u00bfC\u00f3mo se financian los Partido Pol\u00edticos? <\/h4>\t\t\t\t\t\t\t\t\t\t<\/div>\r\n\t\t\t\t\t\t\t\t\t\t<div class=\"accrodion-content\">\r\n\t\t\t\t\t\t\t\t\t\t\t<div class=\"inner\">\r\n\t\t\t\t\t\t\t\t\t\t\t\t<p class=\"     \">Los ingresos de los partidos pol\u00edticos est\u00e1n constituidos por las cotizaciones ordinarias o extraordinarias que efect\u00faen sus afiliados, por las donaciones, por las asignaciones testamentarias que se hagan en su favor y por los frutos y productos de los bienes de su patrimonio. A su vez, el Estado, a trav\u00e9s del Servicio Electoral, otorga a los partidos pol\u00edticos aportes trimestrales que deben ser destinados a la atenci\u00f3n de los gastos de funcionamiento del partido, la adquisici\u00f3n o arrendamiento de bienes inmuebles, el pago de deudas, el desarrollo de actividades de formaci\u00f3n c\u00edvica de los ciudadanos, la preparaci\u00f3n de candidatos a cargos de elecci\u00f3n popular, la formaci\u00f3n de militantes, la elaboraci\u00f3n de estudios que apoyen la labor pol\u00edtica y program\u00e1tica, el dise\u00f1o de pol\u00edticas p\u00fablicas, la difusi\u00f3n de sus principios e ideas, la investigaci\u00f3n, el fomento a la participaci\u00f3n femenina y de los j\u00f3venes en la pol\u00edtica y, en general, a las actividades contempladas en el art\u00edculo 2 de la ley N\u00b018.603. <br><br> Para que los Partidos Pol\u00edticos puedan recibir los aportes del Estado, \u00e9stos deben dar estricto cumplimiento a las disposiciones legales establecidas en la Ley N\u00b018.603. <br><br>(Arts. 39 y 40, Ley N\u00b018.603)<\/p>\t\t\t\t\t\t\t\t\t\t\t<\/div><!-- \/.inner -->\r\n\t\t\t\t\t\t\t\t\t\t<\/div>\r\n\t\t\t\t\t\t\t\t\t<\/div>\r\n\t\t\t\t\t\t\t\t\t\t\t\t\t\t\t\t\t<div class=\"accrodion \">\r\n\t\t\t\t\t\t\t\t\t\t<div class=\"accrodion-title\">\r\n\t\t\t\t\t\t\t\t\t\t\t<h4 class=\"      \">\u00bfQui\u00e9nes pueden realizar aportes econ\u00f3micos a los Partidos Pol\u00edticos? <\/h4>\t\t\t\t\t\t\t\t\t\t<\/div>\r\n\t\t\t\t\t\t\t\t\t\t<div class=\"accrodion-content\">\r\n\t\t\t\t\t\t\t\t\t\t\t<div class=\"inner\">\r\n\t\t\t\t\t\t\t\t\t\t\t\t<p class=\"      \">Las personas naturales (seres humanos), si no est\u00e1n afiliadas a un partido pol\u00edtico, puede realizar aportes con un m\u00e1ximo de 300 unidades de fomento al a\u00f1o a las colectividades. Si estuviera afiliada, puede aportar hasta 500 unidades de fomento al partido al que pertenece. <br><br>Las personas jur\u00eddicas, tales como empresas, fundaciones, organizaciones, sindicatos, etc., no pueden realizar aportes financieros a los partidos pol\u00edticos.<br><br> (Art. 39, Ley N\u00b018.603)<\/p>\t\t\t\t\t\t\t\t\t\t\t<\/div><!-- \/.inner -->\r\n\t\t\t\t\t\t\t\t\t\t<\/div>\r\n\t\t\t\t\t\t\t\t\t<\/div>\r\n\t\t\t\t\t\t\t\t\t\t\t\t\t\t\t<\/div>\r\n\t\t\t\t\t\t<\/div>\r\n\t\t\t\t\t<\/div>\r\n\t\t\t\t<\/div>\r\n\t\t\t<\/div>\r\n\t\t<\/div>\r\n\t<\/section>\r\n\t<!--FAQ Page End-->\r\n\r\n\t\t<\/div>\n\t\t\t\t<\/div>\n\t\t\t\t\t<\/div>\n\t\t<\/div>\n\t\t\t\t\t<\/div>\n\t\t<\/section>\n\t\t\t\t<\/div>\n\t\t","protected":false},"excerpt":{"rendered":"<p>Estamos aqu\u00ed para ayudarte Si no encuentras lo que buscas escr\u00edbenos \u00bfA\u00fan tienes dudas? contactanos v\u00eda whatsapp Escr\u00edbenos en cualquier momento +56 9 9472 1342 Preguntas frecuentes Si no encuentras lo que buscas escr\u00edbenos llenando el formulario de contacto. Contacto \u00bfQu\u00e9 es un Partido Pol\u00edtico? Los partidos pol\u00edticos son asociaciones aut\u00f3nomas y voluntarias organizadas democr\u00e1ticamente, [&hellip;]<\/p>\n","protected":false},"author":1,"featured_media":0,"parent":0,"menu_order":0,"comment_status":"closed","ping_status":"closed","template":"elementor_header_footer","meta":{"_monsterinsights_skip_tracking":false,"_monsterinsights_sitenote_active":false,"_monsterinsights_sitenote_note":"","_monsterinsights_sitenote_category":0,"footnotes":""},"class_list":["post-927","page","type-page","status-publish","hentry"],"aioseo_notices":[],"_links":{"self":[{"href":"https:\/\/partidonuevotiempo.cl\/index.php\/wp-json\/wp\/v2\/pages\/927"}],"collection":[{"href":"https:\/\/partidonuevotiempo.cl\/index.php\/wp-json\/wp\/v2\/pages"}],"about":[{"href":"https:\/\/partidonuevotiempo.cl\/index.php\/wp-json\/wp\/v2\/types\/page"}],"author":[{"embeddable":true,"href":"https:\/\/partidonuevotiempo.cl\/index.php\/wp-json\/wp\/v2\/users\/1"}],"replies":[{"embeddable":true,"href":"https:\/\/partidonuevotiempo.cl\/index.php\/wp-json\/wp\/v2\/comments?post=927"}],"version-history":[{"count":38,"href":"https:\/\/partidonuevotiempo.cl\/index.php\/wp-json\/wp\/v2\/pages\/927\/revisions"}],"predecessor-version":[{"id":2983,"href":"https:\/\/partidonuevotiempo.cl\/index.php\/wp-json\/wp\/v2\/pages\/927\/revisions\/2983"}],"wp:attachment":[{"href":"https:\/\/partidonuevotiempo.cl\/index.php\/wp-json\/wp\/v2\/media?parent=927"}],"curies":[{"name":"wp","href":"https:\/\/api.w.org\/{rel}","templated":true}]}}