{"id":711,"date":"2023-03-28T13:50:17","date_gmt":"2023-03-28T13:50:17","guid":{"rendered":"https:\/\/bracketweb.com\/govitywp\/?page_id=711"},"modified":"2024-03-05T16:37:28","modified_gmt":"2024-03-05T19:37:28","slug":"team-details","status":"publish","type":"page","link":"https:\/\/partidonuevotiempo.cl\/index.php\/team-details\/","title":{"rendered":"Directiva Nacional"},"content":{"rendered":"\t\t<div data-elementor-type=\"wp-page\" data-elementor-id=\"711\" class=\"elementor elementor-711\">\n\t\t\t\t\t\t<section class=\"elementor-section elementor-top-section elementor-element elementor-element-42157d0 elementor-section-full_width elementor-section-height-default elementor-section-height-default\" data-id=\"42157d0\" data-element_type=\"section\">\n\t\t\t\t\t\t<div class=\"elementor-container elementor-column-gap-no\">\n\t\t\t\t\t<div class=\"elementor-column elementor-col-100 elementor-top-column elementor-element elementor-element-154bd6a\" data-id=\"154bd6a\" data-element_type=\"column\">\n\t\t\t<div class=\"elementor-widget-wrap\">\n\t\t\t\t\t\t\t<\/div>\n\t\t<\/div>\n\t\t\t\t\t<\/div>\n\t\t<\/section>\n\t\t\t\t<section class=\"elementor-section elementor-top-section elementor-element elementor-element-5f541b9 elementor-section-full_width elementor-section-height-default elementor-section-height-default\" data-id=\"5f541b9\" data-element_type=\"section\">\n\t\t\t\t\t\t<div class=\"elementor-container elementor-column-gap-no\">\n\t\t\t\t\t<div class=\"elementor-column elementor-col-100 elementor-top-column elementor-element elementor-element-2cfaeca\" data-id=\"2cfaeca\" data-element_type=\"column\">\n\t\t\t<div class=\"elementor-widget-wrap elementor-element-populated\">\n\t\t\t\t\t\t<div class=\"elementor-element elementor-element-46eba3d elementor-widget elementor-widget-govity-team-details\" data-id=\"46eba3d\" data-element_type=\"widget\" data-widget_type=\"govity-team-details.default\">\n\t\t\t\t<div class=\"elementor-widget-container\">\n\t\t\t    <!--Team Details Start-->\r\n    <section class=\"team-details\">\r\n        <div class=\"container\">\r\n            <div class=\"team-details__top\">\r\n                <div class=\"row\">\r\n                    <div class=\"col-xl-6 col-lg-6\">\r\n                        <div class=\"team-details__left\">\r\n                            <div class=\"team-details__img\">\r\n                                <img decoding=\"async\" src=\"https:\/\/partidonuevotiempo.cl\/wp-content\/uploads\/2024\/02\/Paulo-1.jpg\" alt=\"Paulo (1)\" title=\"Paulo (1)\" >                                <div class=\"team-details__shape-1\">\r\n                                                                    <\/div>\r\n                            <\/div>\r\n                        <\/div>\r\n                    <\/div>\r\n                    <div class=\"col-xl-6 col-lg-6\">\r\n                        <div class=\"team-details__right\">\r\n                            <div class=\"team-details__top-content\">\r\n                                <h3 class=\"team-details__top-name\">Juan Paulo<br>Basterrechea Madrid<\/h3><p class=\"team-details__top-title\">Presidente Nacional<\/p>                                <div class=\"team-details__social\">\r\n                                                                            <a   href=\"https:\/\/www.twitter.com\/\"><svg aria-hidden=\"true\" class=\"  e-font-icon-svg e-fab-twitter\" viewBox=\"0 0 512 512\" xmlns=\"http:\/\/www.w3.org\/2000\/svg\"><path d=\"M459.37 151.716c.325 4.548.325 9.097.325 13.645 0 138.72-105.583 298.558-298.558 298.558-59.452 0-114.68-17.219-161.137-47.106 8.447.974 16.568 1.299 25.34 1.299 49.055 0 94.213-16.568 130.274-44.832-46.132-.975-84.792-31.188-98.112-72.772 6.498.974 12.995 1.624 19.818 1.624 9.421 0 18.843-1.3 27.614-3.573-48.081-9.747-84.143-51.98-84.143-102.985v-1.299c13.969 7.797 30.214 12.67 47.431 13.319-28.264-18.843-46.781-51.005-46.781-87.391 0-19.492 5.197-37.36 14.294-52.954 51.655 63.675 129.3 105.258 216.365 109.807-1.624-7.797-2.599-15.918-2.599-24.04 0-57.828 46.782-104.934 104.934-104.934 30.213 0 57.502 12.67 76.67 33.137 23.715-4.548 46.456-13.32 66.599-25.34-7.798 24.366-24.366 44.833-46.132 57.827 21.117-2.273 41.584-8.122 60.426-16.243-14.292 20.791-32.161 39.308-52.628 54.253z\"><\/path><\/svg><\/a>\r\n                                                                            <a   href=\"https:\/\/www.facebook.com\/\"><i aria-hidden=\"true\" class=\"  fab fa-facebook-f\"><\/i><\/a>\r\n                                                                            <a   href=\"https:\/\/www.pinterest.com\/\"><svg aria-hidden=\"true\" class=\"  e-font-icon-svg e-fab-pinterest-p\" viewBox=\"0 0 384 512\" xmlns=\"http:\/\/www.w3.org\/2000\/svg\"><path d=\"M204 6.5C101.4 6.5 0 74.9 0 185.6 0 256 39.6 296 63.6 296c9.9 0 15.6-27.6 15.6-35.4 0-9.3-23.7-29.1-23.7-67.8 0-80.4 61.2-137.4 140.4-137.4 68.1 0 118.5 38.7 118.5 109.8 0 53.1-21.3 152.7-90.3 152.7-24.9 0-46.2-18-46.2-43.8 0-37.8 26.4-74.4 26.4-113.4 0-66.2-93.9-54.2-93.9 25.8 0 16.8 2.1 35.4 9.6 50.7-13.8 59.4-42 147.9-42 209.1 0 18.9 2.7 37.5 4.5 56.4 3.4 3.8 1.7 3.4 6.9 1.5 50.4-69 48.6-82.5 71.4-172.8 12.3 23.4 44.1 36 69.3 36 106.2 0 153.9-103.5 153.9-196.8C384 71.3 298.2 6.5 204 6.5z\"><\/path><\/svg><\/a>\r\n                                                                    <\/div>\r\n                                <p class=\"team-details__top-text-1\">Estudiante de derecho, piloto privado y mec\u00e1nico aeron\u00e1utico.<\/p><p class=\"team-details__top-text-2\">Es un profesional ampliamente capacitado, posee Diplomado en: \u201cArgumentaci\u00f3n provida frente al feminismo, el aborto y la biopol\u00edtica\u201d, \u201cMarketing Gerencial\u201d y \u201cArgumentaci\u00f3n para las ideas del siglo XXI\u201d. \n<br><br>Desde 2017 ha desempe\u00f1ado diversas funciones en Nuevo Tiempo, tales como: Vicepresidencia Nacional, Secretar\u00eda General y Director de enlace de la regi\u00f3n de Arica y Parinacota. En 2020 fue electo Presidente Nacional, cargo que mantiene a la fecha. <br><br>Destaca su participaci\u00f3n como candidato a diputado por el Partido en las elecciones del a\u00f1o 2021.\n<\/p>                                <div class=\"team-details__contact\">\r\n                                    \n<p>Email: <a href=\"mailto:presidencia@partidonuevotiempo.cl\">presidencia@partidonuevotiempo.cl<\/a> <\/p>\n<p>Phone: <a href=\"tel:+56 9 9472 1342\">+56 9 9472 1342<\/a><\/p>                                <\/div>\r\n                            <\/div>\r\n                        <\/div>\r\n                    <\/div>\r\n                <\/div>\r\n            <\/div>\r\n            <div class=\"team-details__bottom\">\r\n                <div class=\"row\">\r\n                    <div class=\"col-xl-6 col-lg-6\">\r\n                        <div class=\"team-details__bottom-left\">\r\n                                                    <\/div>\r\n                    <\/div>\r\n                    <div class=\"col-xl-6 col-lg-6\">\r\n                        <div class=\"team-details__bottom-right\">\r\n                            <div class=\"team-details__progress\">\r\n                                                            <\/div>\r\n                        <\/div>\r\n                    <\/div>\r\n                <\/div>\r\n            <\/div>\r\n        <\/div>\r\n    <\/section>\r\n    <!--Team Details End-->\r\n\t\t<\/div>\n\t\t\t\t<\/div>\n\t\t\t\t<div class=\"elementor-element elementor-element-9dd2d3d elementor-widget elementor-widget-govity-team-details\" data-id=\"9dd2d3d\" data-element_type=\"widget\" data-widget_type=\"govity-team-details.default\">\n\t\t\t\t<div class=\"elementor-widget-container\">\n\t\t\t    <!--Team Details Start-->\r\n    <section class=\"team-details\">\r\n        <div class=\"container\">\r\n            <div class=\"team-details__top\">\r\n                <div class=\"row\">\r\n                    <div class=\"col-xl-6 col-lg-6\">\r\n                        <div class=\"team-details__left\">\r\n                            <div class=\"team-details__img\">\r\n                                <img decoding=\"async\" src=\"https:\/\/partidonuevotiempo.cl\/wp-content\/uploads\/2024\/02\/Patricio-1.jpg\" alt=\"Patricio (1)\" title=\"Patricio (1)\" >                                <div class=\"team-details__shape-1\">\r\n                                                                    <\/div>\r\n                            <\/div>\r\n                        <\/div>\r\n                    <\/div>\r\n                    <div class=\"col-xl-6 col-lg-6\">\r\n                        <div class=\"team-details__right\">\r\n                            <div class=\"team-details__top-content\">\r\n                                <h3 class=\"team-details__top-name\">Patricio Andr\u00e9s<br>Gonz\u00e1lez Rodr\u00edguez <\/h3><p class=\"team-details__top-title\">Secretario General<\/p>                                <div class=\"team-details__social\">\r\n                                                                            <a   href=\"https:\/\/www.twitter.com\/\"><svg aria-hidden=\"true\" class=\"  e-font-icon-svg e-fab-twitter\" viewBox=\"0 0 512 512\" xmlns=\"http:\/\/www.w3.org\/2000\/svg\"><path d=\"M459.37 151.716c.325 4.548.325 9.097.325 13.645 0 138.72-105.583 298.558-298.558 298.558-59.452 0-114.68-17.219-161.137-47.106 8.447.974 16.568 1.299 25.34 1.299 49.055 0 94.213-16.568 130.274-44.832-46.132-.975-84.792-31.188-98.112-72.772 6.498.974 12.995 1.624 19.818 1.624 9.421 0 18.843-1.3 27.614-3.573-48.081-9.747-84.143-51.98-84.143-102.985v-1.299c13.969 7.797 30.214 12.67 47.431 13.319-28.264-18.843-46.781-51.005-46.781-87.391 0-19.492 5.197-37.36 14.294-52.954 51.655 63.675 129.3 105.258 216.365 109.807-1.624-7.797-2.599-15.918-2.599-24.04 0-57.828 46.782-104.934 104.934-104.934 30.213 0 57.502 12.67 76.67 33.137 23.715-4.548 46.456-13.32 66.599-25.34-7.798 24.366-24.366 44.833-46.132 57.827 21.117-2.273 41.584-8.122 60.426-16.243-14.292 20.791-32.161 39.308-52.628 54.253z\"><\/path><\/svg><\/a>\r\n                                                                            <a   href=\"https:\/\/www.facebook.com\/\"><i aria-hidden=\"true\" class=\"  fab fa-facebook-f\"><\/i><\/a>\r\n                                                                            <a   href=\"https:\/\/www.pinterest.com\/\"><svg aria-hidden=\"true\" class=\"  e-font-icon-svg e-fab-pinterest-p\" viewBox=\"0 0 384 512\" xmlns=\"http:\/\/www.w3.org\/2000\/svg\"><path d=\"M204 6.5C101.4 6.5 0 74.9 0 185.6 0 256 39.6 296 63.6 296c9.9 0 15.6-27.6 15.6-35.4 0-9.3-23.7-29.1-23.7-67.8 0-80.4 61.2-137.4 140.4-137.4 68.1 0 118.5 38.7 118.5 109.8 0 53.1-21.3 152.7-90.3 152.7-24.9 0-46.2-18-46.2-43.8 0-37.8 26.4-74.4 26.4-113.4 0-66.2-93.9-54.2-93.9 25.8 0 16.8 2.1 35.4 9.6 50.7-13.8 59.4-42 147.9-42 209.1 0 18.9 2.7 37.5 4.5 56.4 3.4 3.8 1.7 3.4 6.9 1.5 50.4-69 48.6-82.5 71.4-172.8 12.3 23.4 44.1 36 69.3 36 106.2 0 153.9-103.5 153.9-196.8C384 71.3 298.2 6.5 204 6.5z\"><\/path><\/svg><\/a>\r\n                                                                            <a   href=\"https:\/\/www.instagram.com\/\"><svg aria-hidden=\"true\" class=\"  e-font-icon-svg e-fab-instagram\" viewBox=\"0 0 448 512\" xmlns=\"http:\/\/www.w3.org\/2000\/svg\"><path d=\"M224.1 141c-63.6 0-114.9 51.3-114.9 114.9s51.3 114.9 114.9 114.9S339 319.5 339 255.9 287.7 141 224.1 141zm0 189.6c-41.1 0-74.7-33.5-74.7-74.7s33.5-74.7 74.7-74.7 74.7 33.5 74.7 74.7-33.6 74.7-74.7 74.7zm146.4-194.3c0 14.9-12 26.8-26.8 26.8-14.9 0-26.8-12-26.8-26.8s12-26.8 26.8-26.8 26.8 12 26.8 26.8zm76.1 27.2c-1.7-35.9-9.9-67.7-36.2-93.9-26.2-26.2-58-34.4-93.9-36.2-37-2.1-147.9-2.1-184.9 0-35.8 1.7-67.6 9.9-93.9 36.1s-34.4 58-36.2 93.9c-2.1 37-2.1 147.9 0 184.9 1.7 35.9 9.9 67.7 36.2 93.9s58 34.4 93.9 36.2c37 2.1 147.9 2.1 184.9 0 35.9-1.7 67.7-9.9 93.9-36.2 26.2-26.2 34.4-58 36.2-93.9 2.1-37 2.1-147.8 0-184.8zM398.8 388c-7.8 19.6-22.9 34.7-42.6 42.6-29.5 11.7-99.5 9-132.1 9s-102.7 2.6-132.1-9c-19.6-7.8-34.7-22.9-42.6-42.6-11.7-29.5-9-99.5-9-132.1s-2.6-102.7 9-132.1c7.8-19.6 22.9-34.7 42.6-42.6 29.5-11.7 99.5-9 132.1-9s102.7-2.6 132.1 9c19.6 7.8 34.7 22.9 42.6 42.6 11.7 29.5 9 99.5 9 132.1s2.7 102.7-9 132.1z\"><\/path><\/svg><\/a>\r\n                                                                    <\/div>\r\n                                <p class=\"team-details__top-text-1\">T\u00e9cnico Nivel Superior en Administraci\u00f3n en Recursos Humanos.<\/p><p class=\"team-details__top-text-2\">Nacido en la comuna de Antofagasta el a\u00f1o 1977. Desde su infancia ha participado en diferentes organizaciones cristianas. En la actualidad forma parte de una ONG que le ha permitido desarrollar un trabajo social m\u00e1s cercano con la comunidad.<br><br>Desde 2018 ha participado activamente de los equipos de trabajo del partido en la regi\u00f3n de Antofagasta. Fue electo Secretario General Provisional en el a\u00f1o 2022, cargo que desempe\u00f1a a la fecha.<\/p>                                <div class=\"team-details__contact\">\r\n                                    \n<p>Email: <a href=\"mailto:secretariageneral@partidonuevotiempo.cl\">secretariageneral@partidonuevotiempo.cl<\/a> <\/p>\n<p>Phone: <a href=\"tel:+56 9 9472 1342\">+56 9 9472 1342<\/a><\/p>                                <\/div>\r\n                            <\/div>\r\n                        <\/div>\r\n                    <\/div>\r\n                <\/div>\r\n            <\/div>\r\n            <div class=\"team-details__bottom\">\r\n                <div class=\"row\">\r\n                    <div class=\"col-xl-6 col-lg-6\">\r\n                        <div class=\"team-details__bottom-left\">\r\n                            <h4 class=\"team-details__bottom-left-title\">Personal experience<\/h4><p class=\"team-details__bottom-left-text\">If you are going to use a passage of Lorem Ipsum, you need to be sure there isn't anything embarrassing hidden.<\/p>                        <\/div>\r\n                    <\/div>\r\n                    <div class=\"col-xl-6 col-lg-6\">\r\n                        <div class=\"team-details__bottom-right\">\r\n                            <div class=\"team-details__progress\">\r\n                                \r\n                                    <div class=\"team-details__progress-single\">\r\n                                        <h4 class=\"team-details__progress-title\">Consultation<\/h4>                                        <div class=\"bar\">\r\n                                            <div class=\"bar-inner count-bar\" data-percent=\"66%\">\r\n                                                <div class=\"count-text\">66%<\/div>\r\n                                            <\/div>\r\n                                        <\/div>\r\n                                    <\/div>\r\n\r\n                                \r\n                                    <div class=\"team-details__progress-single\">\r\n                                        <h4 class=\"team-details__progress-title team-details__progress-title\">Insured<\/h4>                                        <div class=\"bar\">\r\n                                            <div class=\"bar-inner count-bar\" data-percent=\"46%\">\r\n                                                <div class=\"count-text\">46%<\/div>\r\n                                            <\/div>\r\n                                        <\/div>\r\n                                    <\/div>\r\n\r\n                                \r\n                                    <div class=\"team-details__progress-single\">\r\n                                        <h4 class=\"team-details__progress-title team-details__progress-title team-details__progress-title\">Dealing<\/h4>                                        <div class=\"bar\">\r\n                                            <div class=\"bar-inner count-bar\" data-percent=\"28%\">\r\n                                                <div class=\"count-text\">28%<\/div>\r\n                                            <\/div>\r\n                                        <\/div>\r\n                                    <\/div>\r\n\r\n                                                            <\/div>\r\n                        <\/div>\r\n                    <\/div>\r\n                <\/div>\r\n            <\/div>\r\n        <\/div>\r\n    <\/section>\r\n    <!--Team Details End-->\r\n\t\t<\/div>\n\t\t\t\t<\/div>\n\t\t\t\t\t<\/div>\n\t\t<\/div>\n\t\t\t\t\t<\/div>\n\t\t<\/section>\n\t\t\t\t<section class=\"elementor-section elementor-top-section elementor-element elementor-element-8a483a0 elementor-section-full_width elementor-section-height-default elementor-section-height-default\" data-id=\"8a483a0\" data-element_type=\"section\">\n\t\t\t\t\t\t<div class=\"elementor-container elementor-column-gap-no\">\n\t\t\t\t\t<div class=\"elementor-column elementor-col-100 elementor-top-column elementor-element elementor-element-67554e2\" data-id=\"67554e2\" data-element_type=\"column\">\n\t\t\t<div class=\"elementor-widget-wrap elementor-element-populated\">\n\t\t\t\t\t\t<div class=\"elementor-element elementor-element-b3a1c1d elementor-widget elementor-widget-govity-contact-form\" data-id=\"b3a1c1d\" data-element_type=\"widget\" data-widget_type=\"govity-contact-form.default\">\n\t\t\t\t<div class=\"elementor-widget-container\">\n\t\t\t\t<!--Contact Two Start-->\r\n\t<section class=\"contact-two\">\r\n\t\t<div class=\"contact-two__bg\" style=\"background-image: url(https:\/\/bracketweb.com\/govitywp\/wp-content\/uploads\/2023\/03\/contact-two-bg.png);\">\r\n\t\t<\/div>\r\n\t\t<div class=\"container\">\r\n\t\t\t<div class=\"section-title text-center\">\r\n\t\t\t\t<div class=\"section-title__icon\">\r\n\t\t\t\t\t<span aria-hidden=\"true\" class=\"  fa fa-star\"><\/span>\t\t\t\t<\/div>\r\n\t\t\t\t<span class=\"section-title__tagline\">Cont\u00e1ctanos<\/span><h2 class=\"section-title__title\">No dudes en ponerte en contacto <br> con la Directiva Nacional<\/h2>\t\t\t<\/div>\r\n\t\t\t<div class=\"contact-two__form-box\">\r\n\t\t\t\t<div class=\"wpcf7 no-js\" id=\"wpcf7-f298-o1\" lang=\"en-US\" dir=\"ltr\">\n<div class=\"screen-reader-response\"><p role=\"status\" aria-live=\"polite\" aria-atomic=\"true\"><\/p> <ul><\/ul><\/div>\n<form action=\"\/index.php\/wp-json\/wp\/v2\/pages\/711#wpcf7-f298-o1\" method=\"post\" class=\"wpcf7-form init\" aria-label=\"Contact form\" novalidate=\"novalidate\" data-status=\"init\">\n<div style=\"display: none;\">\n<input type=\"hidden\" name=\"_wpcf7\" value=\"298\" \/>\n<input type=\"hidden\" name=\"_wpcf7_version\" value=\"5.9.8\" \/>\n<input type=\"hidden\" name=\"_wpcf7_locale\" value=\"en_US\" \/>\n<input type=\"hidden\" name=\"_wpcf7_unit_tag\" value=\"wpcf7-f298-o1\" \/>\n<input type=\"hidden\" name=\"_wpcf7_container_post\" value=\"0\" \/>\n<input type=\"hidden\" name=\"_wpcf7_posted_data_hash\" value=\"\" \/>\n<\/div>\n<div class=\"row\">\n    <div class=\"col-xl-6\">\n        <div class=\"contact-two__input-box\">\n            <span class=\"wpcf7-form-control-wrap\" data-name=\"text-161\"><input size=\"40\" maxlength=\"400\" class=\"wpcf7-form-control wpcf7-text wpcf7-validates-as-required\" aria-required=\"true\" aria-invalid=\"false\" placeholder=\"Your Name\" value=\"\" type=\"text\" name=\"text-161\" \/><\/span>\n        <\/div>\n    <\/div>\n    <div class=\"col-xl-6\">\n        <div class=\"contact-two__input-box\">\n            <span class=\"wpcf7-form-control-wrap\" data-name=\"email-18\"><input size=\"40\" maxlength=\"400\" class=\"wpcf7-form-control wpcf7-email wpcf7-validates-as-required wpcf7-text wpcf7-validates-as-email\" aria-required=\"true\" aria-invalid=\"false\" placeholder=\"Email Address\" value=\"\" type=\"email\" name=\"email-18\" \/><\/span>\n        <\/div>\n    <\/div>\n<\/div>\n<div class=\"row\">\n    <div class=\"col-xl-12\">\n        <div class=\"contact-two__input-box text-message-box\">\n            <span class=\"wpcf7-form-control-wrap\" data-name=\"textarea-957\"><textarea cols=\"40\" rows=\"10\" maxlength=\"2000\" class=\"wpcf7-form-control wpcf7-textarea wpcf7-validates-as-required\" aria-required=\"true\" aria-invalid=\"false\" placeholder=\"Write Comment\" name=\"textarea-957\"><\/textarea><\/span>\n        <\/div>\n        <div class=\"contact-two__btn-box\">\n            <button type=\"submit\" class=\"thm-btn contact-two__btn\">Send a Message<\/button>\n        <\/div>\n    <\/div>\n<\/div><div class=\"wpcf7-response-output\" aria-hidden=\"true\"><\/div>\n<\/form>\n<\/div>\t\t\t<\/div>\r\n\t\t<\/div>\r\n\t<\/section>\r\n\t<!--Contact Two End-->\r\n\t\t<\/div>\n\t\t\t\t<\/div>\n\t\t\t\t\t<\/div>\n\t\t<\/div>\n\t\t\t\t\t<\/div>\n\t\t<\/section>\n\t\t\t\t<\/div>\n\t\t","protected":false},"excerpt":{"rendered":"<p>Juan PauloBasterrechea Madrid Presidente Nacional Estudiante de derecho, piloto privado y mec\u00e1nico aeron\u00e1utico. Es un profesional ampliamente capacitado, posee Diplomado en: \u201cArgumentaci\u00f3n provida frente al feminismo, el aborto y la biopol\u00edtica\u201d, \u201cMarketing Gerencial\u201d y \u201cArgumentaci\u00f3n para las ideas del siglo XXI\u201d. Desde 2017 ha desempe\u00f1ado diversas funciones en Nuevo Tiempo, tales como: Vicepresidencia Nacional, Secretar\u00eda [&hellip;]<\/p>\n","protected":false},"author":1,"featured_media":0,"parent":0,"menu_order":0,"comment_status":"closed","ping_status":"closed","template":"elementor_header_footer","meta":{"_monsterinsights_skip_tracking":false,"_monsterinsights_sitenote_active":false,"_monsterinsights_sitenote_note":"","_monsterinsights_sitenote_category":0,"footnotes":""},"class_list":["post-711","page","type-page","status-publish","hentry"],"aioseo_notices":[],"_links":{"self":[{"href":"https:\/\/partidonuevotiempo.cl\/index.php\/wp-json\/wp\/v2\/pages\/711"}],"collection":[{"href":"https:\/\/partidonuevotiempo.cl\/index.php\/wp-json\/wp\/v2\/pages"}],"about":[{"href":"https:\/\/partidonuevotiempo.cl\/index.php\/wp-json\/wp\/v2\/types\/page"}],"author":[{"embeddable":true,"href":"https:\/\/partidonuevotiempo.cl\/index.php\/wp-json\/wp\/v2\/users\/1"}],"replies":[{"embeddable":true,"href":"https:\/\/partidonuevotiempo.cl\/index.php\/wp-json\/wp\/v2\/comments?post=711"}],"version-history":[{"count":53,"href":"https:\/\/partidonuevotiempo.cl\/index.php\/wp-json\/wp\/v2\/pages\/711\/revisions"}],"predecessor-version":[{"id":2825,"href":"https:\/\/partidonuevotiempo.cl\/index.php\/wp-json\/wp\/v2\/pages\/711\/revisions\/2825"}],"wp:attachment":[{"href":"https:\/\/partidonuevotiempo.cl\/index.php\/wp-json\/wp\/v2\/media?parent=711"}],"curies":[{"name":"wp","href":"https:\/\/api.w.org\/{rel}","templated":true}]}}